{"id":162,"date":"2021-10-19T17:03:52","date_gmt":"2021-10-19T17:03:52","guid":{"rendered":"https:\/\/listinghive.hivepress.io\/?page_id=8"},"modified":"2026-01-05T09:28:44","modified_gmt":"2026-01-05T09:28:44","slug":"home","status":"publish","type":"page","link":"https:\/\/rapidinhas.pt\/","title":{"rendered":"Home"},"content":{"rendered":"\n<h1 class=\"wp-block-heading has-text-align-center\">Encontre tudo o que necessita<\/h1>\n\n\n\n<p class=\"has-text-align-center has-medium-font-size\">Procure viagens, im\u00f3veis, servi\u00e7os e artigos \u00e0 venda num s\u00f3 site.<\/p>\n\n\n\n<!--more-->\n<!--noteaser-->\n\n\n <form class=\"hp-form--wide hp-form--primary hp-block hp-form hp-form--listing-search\" action=\"https:\/\/rapidinhas.pt\" method=\"GET\" data-component=\"form\"><div class=\"hp-form__messages\" data-component=\"messages\"><\/div><div class=\"hp-form__fields\"><input type=\"hidden\" name=\"post_type\" value=\"hp_listing\" class=\"hp-field hp-field--hidden\"><input type=\"hidden\" name=\"latitude\" value=\"\" data-coordinate=\"lat\" class=\"hp-field hp-field--hidden\"><input type=\"hidden\" name=\"longitude\" value=\"\" data-coordinate=\"lng\" class=\"hp-field hp-field--hidden\"><input type=\"hidden\" name=\"_region\" value=\"\" data-region=\"data-region\" class=\"hp-field hp-field--hidden\"><select name=\"_category\" class=\"hp-field hp-field--hidden\"><option value=\"\">Todas as categorias<\/option><option value=\"52\">Ve\u00edculos<\/option><option value=\"27\">Im\u00f3veis<\/option><option value=\"49\" data-level=\"1\" data-parent=\"27\">Terreno<\/option><option value=\"50\" data-level=\"1\" data-parent=\"27\">Moradia<\/option><option value=\"48\" data-level=\"1\" data-parent=\"27\">Apartamento<\/option><option value=\"51\" data-level=\"1\" data-parent=\"27\">Quarto<\/option><option value=\"29\">Servi\u00e7os<\/option><option value=\"21\">Artigos para venda<\/option><\/select><div class=\"hp-form__field hp-form__field--search\"><input type=\"search\" name=\"s\" value=\"\" placeholder=\"Palavras-chave\" maxlength=\"256\" class=\"hp-field hp-field--search\"><\/div><div class=\"hp-form__field hp-form__field--location\"><div data-format=\"\" data-scatter=\"true\" data-countries=\"[&quot;PT&quot;]\" data-region-types=\"[&quot;country&quot;,&quot;region&quot;,&quot;district&quot;,&quot;place&quot;]\" data-component=\"location\" class=\"hp-field hp-field--location\"><input type=\"text\" name=\"location\" value=\"\" autocomplete=\"off\" placeholder=\"Localiza\u00e7\u00e3o\" maxlength=\"256\" class=\"hp-field hp-field--text\"><a href=\"#\" title=\"Localize-me\"><i class=\"hp-icon fas fa-location-arrow\"><\/i><\/a><\/div><\/div><\/div><div class=\"hp-form__footer\"><button type=\"submit\" class=\"hp-form__button button-primary alt button hp-field hp-field--submit\"><span>Procurar An\u00fancios<\/span><\/button><\/div><\/form>\n\n\n<div style=\"height:1px\" aria-hidden=\"true\" class=\"wp-block-spacer\"><\/div>\n\n\n\n<h2 class=\"wp-block-heading has-text-align-center content-title\">Categorias Populares<\/h2>\n\n\n <div class=\"hp-listing-categories hp-grid hp-block\"><div class=\"hp-row\"><div class=\"hp-grid__item hp-col-sm-4 hp-col-xs-12\"><article class=\"hp-listing-category hp-listing-category--view-block\"><header class=\"hp-listing-category__header\"><div class=\"hp-listing-category__image\">\n\t<a href=\"https:\/\/rapidinhas.pt\/index.php\/listing-category\/real-estate\/\">\n\t\t\t\t\t<img decoding=\"async\" src=\"https:\/\/rapidinhas.pt\/wp-content\/uploads\/2021\/11\/image-20-400x533.jpg\" alt=\"Im\u00f3veis\" loading=\"lazy\">\n\t\t\t<\/a>\n<\/div>\n<div class=\"hp-listing-category__item-count hp-listing-category__count\">1 em an\u00fancio<\/div>\n<\/header><div class=\"hp-listing-category__content\"><h3 class=\"hp-listing-category__name\"><a href=\"https:\/\/rapidinhas.pt\/index.php\/listing-category\/real-estate\/\">Im\u00f3veis<\/a>\n<\/h3><div class=\"hp-listing-category__details hp-listing-category__details--primary\"><\/div>\t<div class=\"hp-listing-category__description\">venda e arrendamento de imoveis<\/div>\n\t<\/div><\/article><\/div><div class=\"hp-grid__item hp-col-sm-4 hp-col-xs-12\"><article class=\"hp-listing-category hp-listing-category--view-block\"><header class=\"hp-listing-category__header\"><div class=\"hp-listing-category__image\">\n\t<a href=\"https:\/\/rapidinhas.pt\/index.php\/listing-category\/vehicles\/\">\n\t\t\t\t\t<img decoding=\"async\" src=\"https:\/\/rapidinhas.pt\/wp-content\/uploads\/2025\/12\/ford-mustang-auto-fahrzeug-car-land-vehicle-1606070-pxhere.com_-400x533.jpg\" alt=\"Ve\u00edculos\" loading=\"lazy\">\n\t\t\t<\/a>\n<\/div>\n<div class=\"hp-listing-category__item-count hp-listing-category__count\">1 em an\u00fancio<\/div>\n<\/header><div class=\"hp-listing-category__content\"><h3 class=\"hp-listing-category__name\"><a href=\"https:\/\/rapidinhas.pt\/index.php\/listing-category\/vehicles\/\">Ve\u00edculos<\/a>\n<\/h3><div class=\"hp-listing-category__details hp-listing-category__details--primary\"><\/div>\t<div class=\"hp-listing-category__description\">Carros, Comerciais, Motas, Motas de \u00e1gua, Avi\u00f5es<\/div>\n\t<\/div><\/article><\/div><div class=\"hp-grid__item hp-col-sm-4 hp-col-xs-12\"><article class=\"hp-listing-category hp-listing-category--view-block\"><header class=\"hp-listing-category__header\"><div class=\"hp-listing-category__image\">\n\t<a href=\"https:\/\/rapidinhas.pt\/index.php\/listing-category\/services\/\">\n\t\t\t\t\t<img decoding=\"async\" src=\"https:\/\/rapidinhas.pt\/wp-content\/uploads\/2021\/11\/image-21-400x533.jpg\" alt=\"Servi\u00e7os\" loading=\"lazy\">\n\t\t\t<\/a>\n<\/div>\n<div class=\"hp-listing-category__item-count hp-listing-category__count\">1 em an\u00fancio<\/div>\n<\/header><div class=\"hp-listing-category__content\"><h3 class=\"hp-listing-category__name\"><a href=\"https:\/\/rapidinhas.pt\/index.php\/listing-category\/services\/\">Servi\u00e7os<\/a>\n<\/h3><div class=\"hp-listing-category__details hp-listing-category__details--primary\"><\/div>\t<div class=\"hp-listing-category__description\">Oferta de servi\u00e7os<\/div>\n\t<\/div><\/article><\/div><\/div><\/div>\n\n\n<script async src=\"https:\/\/tpwidg.com\/content?currency=eur&#038;trs=406628&#038;shmarker=622349&#038;locale=pt&#038;powered_by=false&#038;limit=4&#038;primary_color=00AE98&#038;results_background_color=FFFFFF&#038;form_background_color=FFFFFF&#038;campaign_id=111&#038;promo_id=3411\" charset=\"utf-8\"><\/script>\n\n\n\n<h2 class=\"wp-block-heading has-text-align-center content-title\">An\u00fancios Mais Recentes<\/h2>\n\n\n <div class=\"hp-listings hp-block hp-grid\"><div class=\"hp-row\"><div class=\"hp-grid__item hp-col-sm-4 hp-col-xs-12\"><article class=\"hp-listing hp-listing--view-block\"><header class=\"hp-listing__header\"><div class=\"hp-listing__image\" data-component=\"carousel-slider\" data-preview=\"false\" data-aspect-ratio=\"1.3333\" data-url=\"https:\/\/rapidinhas.pt\/index.php\/listing\/iphone-17-256gb-branco-novo\/\">\n\t\t\t<a href=\"https:\/\/rapidinhas.pt\/index.php\/listing\/iphone-17-256gb-branco-novo\/\">\n\t\t\t\t\t\t\t<img decoding=\"async\" src=\"https:\/\/rapidinhas.pt\/wp-content\/uploads\/2025\/12\/iphone17.png\" alt=\"iPhone 17 256GB Branco - NOVO\" loading=\"lazy\">\n\t\t\t\t\t<\/a>\n\t<\/div>\n<\/header><div class=\"hp-listing__content\">\t<div class=\"hp-listing__categories hp-listing__category\">\n\t\t\t\t\t<a href=\"https:\/\/rapidinhas.pt\/index.php\/listing-category\/for-sale\/\">Artigos para venda<\/a>\n\t\t\t<\/div>\n\t<h4 class=\"hp-listing__title\"><a href=\"https:\/\/rapidinhas.pt\/index.php\/listing\/iphone-17-256gb-branco-novo\/\">iPhone 17 256GB Branco &#8211; NOVO<\/a>\n<\/h4><div class=\"hp-listing__details hp-listing__details--primary\">\t<div class=\"hp-listing__location\">\n\t\t<i class=\"hp-icon fas fa-map-marker-alt\"><\/i>\n\t\t\t\t\t<span>\u00c1gueda, Aveiro, Portugal<\/span>\n\t\t\t<\/div>\n\t<time class=\"hp-listing__created-date hp-listing__date hp-meta\" datetime=\"2025-12-26 15:07:57\">\n\tAdicionada em 26 de Dezembro, 2025<\/time>\n<\/div><div class=\"hp-block hp-listing__attributes hp-listing__attributes--secondary\"><div class=\"hp-row\"><div class=\"hp-col-lg-6 hp-col-xs-12\"><div class=\"hp-listing__attribute hp-listing__attribute--shipping\"><strong>Envio<\/strong>: A combinar<\/div><\/div><\/div><\/div><\/div><footer class=\"hp-listing__footer\"><div class=\"hp-block hp-listing__attributes hp-listing__attributes--primary\"><div class=\"hp-listing__attribute hp-listing__attribute--price\">975 \u20ac<\/div><\/div><div class=\"hp-listing__actions hp-listing__actions--primary\"><a href=\"#user_login_modal\" title=\"Responder ao An\u00fancio\" class=\"hp-listing__action hp-listing__action--message\"><i class=\"hp-icon fas fa-comment\"><\/i><\/a>\n<a class=\"hp-listing__action hp-listing__action--favorite\" href=\"#user_login_modal\"><i class=\"hp-icon fas fa-heart\"><\/i><\/a><\/div><\/footer><\/article><\/div><div class=\"hp-grid__item hp-col-sm-4 hp-col-xs-12\"><article class=\"hp-listing hp-listing--view-block\"><header class=\"hp-listing__header\"><div class=\"hp-listing__image\" data-component=\"carousel-slider\" data-preview=\"false\" data-aspect-ratio=\"1.3333\" data-url=\"https:\/\/rapidinhas.pt\/index.php\/listing\/toyota-corolla-1984\/\">\n\t\t\t<a href=\"https:\/\/rapidinhas.pt\/index.php\/listing\/toyota-corolla-1984\/\">\n\t\t\t\t\t\t\t<img decoding=\"async\" src=\"https:\/\/rapidinhas.pt\/wp-content\/uploads\/2025\/12\/2022-05-15-15.37.17-400x300.jpg\" alt=\"Toyota Corolla 1984\" loading=\"lazy\">\n\t\t\t\t\t<\/a>\n\t<\/div>\n<\/header><div class=\"hp-listing__content\">\t<div class=\"hp-listing__categories hp-listing__category\">\n\t\t\t\t\t<a href=\"https:\/\/rapidinhas.pt\/index.php\/listing-category\/vehicles\/\">Ve\u00edculos<\/a>\n\t\t\t<\/div>\n\t<h4 class=\"hp-listing__title\"><a href=\"https:\/\/rapidinhas.pt\/index.php\/listing\/toyota-corolla-1984\/\">Toyota Corolla 1984<\/a>\n<\/h4><div class=\"hp-listing__details hp-listing__details--primary\">\t<div class=\"hp-listing__location\">\n\t\t<i class=\"hp-icon fas fa-map-marker-alt\"><\/i>\n\t\t\t\t\t<span>Sever do Vouga, Aveiro, Portugal<\/span>\n\t\t\t<\/div>\n\t<time class=\"hp-listing__created-date hp-listing__date hp-meta\" datetime=\"2025-12-23 08:59:52\">\n\tAdicionada em 23 de Dezembro, 2025<\/time>\n<\/div><div class=\"hp-block hp-listing__attributes hp-listing__attributes--secondary\"><div class=\"hp-row\"><div class=\"hp-col-lg-6 hp-col-xs-12\"><div class=\"hp-listing__attribute hp-listing__attribute--marca\"><strong>Marca<\/strong>: Outra<\/div><\/div><div class=\"hp-col-lg-6 hp-col-xs-12\"><div class=\"hp-listing__attribute hp-listing__attribute--modelo\">Corolla<\/div><\/div><div class=\"hp-col-lg-6 hp-col-xs-12\"><div class=\"hp-listing__attribute hp-listing__attribute--fuel\"><strong>Combust\u00edvel<\/strong>: Gasolina<\/div><\/div><div class=\"hp-col-lg-6 hp-col-xs-12\"><div class=\"hp-listing__attribute hp-listing__attribute--gearbox\"><strong>Tipo de Caixa<\/strong>: Manual<\/div><\/div><div class=\"hp-col-lg-6 hp-col-xs-12\"><div class=\"hp-listing__attribute hp-listing__attribute--kms\"><strong>Kms<\/strong>: 190.000<\/div><\/div><div class=\"hp-col-lg-6 hp-col-xs-12\"><div class=\"hp-listing__attribute hp-listing__attribute--year\">1.984<\/div><\/div><\/div><\/div><\/div><footer class=\"hp-listing__footer\"><div class=\"hp-block hp-listing__attributes hp-listing__attributes--primary\"><div class=\"hp-listing__attribute hp-listing__attribute--price\">400 \u20ac<\/div><\/div><div class=\"hp-listing__actions hp-listing__actions--primary\"><a href=\"#user_login_modal\" title=\"Responder ao An\u00fancio\" class=\"hp-listing__action hp-listing__action--message\"><i class=\"hp-icon fas fa-comment\"><\/i><\/a>\n<a class=\"hp-listing__action hp-listing__action--favorite\" href=\"#user_login_modal\"><i class=\"hp-icon fas fa-heart\"><\/i><\/a><\/div><\/footer><\/article><\/div><div class=\"hp-grid__item hp-col-sm-4 hp-col-xs-12\"><article class=\"hp-listing hp-listing--view-block\"><header class=\"hp-listing__header\"><div class=\"hp-listing__image\" data-component=\"carousel-slider\" data-preview=\"false\" data-aspect-ratio=\"1.3333\" data-url=\"https:\/\/rapidinhas.pt\/index.php\/listing\/servicos-profissionais-de-programacao-react-opencart-e-desenvolvimento-web\/\">\n\t\t\t<a href=\"https:\/\/rapidinhas.pt\/index.php\/listing\/servicos-profissionais-de-programacao-react-opencart-e-desenvolvimento-web\/\">\n\t\t\t\t\t\t\t<img decoding=\"async\" src=\"https:\/\/rapidinhas.pt\/wp-content\/uploads\/2025\/12\/code-2434271_1280-400x225.jpg\" alt=\"Servi\u00e7os Profissionais de Programa\u00e7\u00e3o React, OpenCart e Desenvolvimento Web\" loading=\"lazy\">\n\t\t\t\t\t<\/a>\n\t<\/div>\n<\/header><div class=\"hp-listing__content\">\t<div class=\"hp-listing__categories hp-listing__category\">\n\t\t\t\t\t<a href=\"https:\/\/rapidinhas.pt\/index.php\/listing-category\/services\/\">Servi\u00e7os<\/a>\n\t\t\t<\/div>\n\t<h4 class=\"hp-listing__title\"><a href=\"https:\/\/rapidinhas.pt\/index.php\/listing\/servicos-profissionais-de-programacao-react-opencart-e-desenvolvimento-web\/\">Servi\u00e7os Profissionais de Programa\u00e7\u00e3o React, OpenCart e Desenvolvimento Web<\/a>\n<\/h4><div class=\"hp-listing__details hp-listing__details--primary\">\t<div class=\"hp-listing__location\">\n\t\t<i class=\"hp-icon fas fa-map-marker-alt\"><\/i>\n\t\t\t\t\t<span>\u00c1gueda, Aveiro, Portugal<\/span>\n\t\t\t<\/div>\n\t<time class=\"hp-listing__created-date hp-listing__date hp-meta\" datetime=\"2025-12-22 22:41:44\">\n\tAdicionada em 22 de Dezembro, 2025<\/time>\n<\/div><\/div><footer class=\"hp-listing__footer\"><div class=\"hp-block hp-listing__attributes hp-listing__attributes--primary\"><div class=\"hp-listing__attribute hp-listing__attribute--hourly-rate\">30\u20ac \/ hora<\/div><\/div><div class=\"hp-listing__actions hp-listing__actions--primary\"><a href=\"#user_login_modal\" title=\"Responder ao An\u00fancio\" class=\"hp-listing__action hp-listing__action--message\"><i class=\"hp-icon fas fa-comment\"><\/i><\/a>\n<a class=\"hp-listing__action hp-listing__action--favorite\" href=\"#user_login_modal\"><i class=\"hp-icon fas fa-heart\"><\/i><\/a><\/div><\/footer><\/article><\/div><div class=\"hp-grid__item hp-col-sm-4 hp-col-xs-12\"><article class=\"hp-listing hp-listing--view-block\"><header class=\"hp-listing__header\"><div class=\"hp-listing__image\" data-component=\"carousel-slider\" data-preview=\"false\" data-aspect-ratio=\"1.3333\" data-url=\"https:\/\/rapidinhas.pt\/index.php\/listing\/protecao-de-maos-acerbis\/\">\n\t\t\t<a href=\"https:\/\/rapidinhas.pt\/index.php\/listing\/protecao-de-maos-acerbis\/\">\n\t\t\t\t\t\t\t<img decoding=\"async\" src=\"https:\/\/rapidinhas.pt\/wp-content\/uploads\/2025\/12\/acero-225x300.png\" alt=\"Protecao de maos Acerbis\" loading=\"lazy\">\n\t\t\t\t\t<\/a>\n\t<\/div>\n<\/header><div class=\"hp-listing__content\">\t<div class=\"hp-listing__categories hp-listing__category\">\n\t\t\t\t\t<a href=\"https:\/\/rapidinhas.pt\/index.php\/listing-category\/for-sale\/\">Artigos para venda<\/a>\n\t\t\t<\/div>\n\t<h4 class=\"hp-listing__title\"><a href=\"https:\/\/rapidinhas.pt\/index.php\/listing\/protecao-de-maos-acerbis\/\">Protecao de maos Acerbis<\/a>\n<\/h4><div class=\"hp-listing__details hp-listing__details--primary\">\t<div class=\"hp-listing__location\">\n\t\t<i class=\"hp-icon fas fa-map-marker-alt\"><\/i>\n\t\t\t\t\t<span>Sever do Vouga, Aveiro, Portugal<\/span>\n\t\t\t<\/div>\n\t<time class=\"hp-listing__created-date hp-listing__date hp-meta\" datetime=\"2025-12-22 20:46:44\">\n\tAdicionada em 22 de Dezembro, 2025<\/time>\n<\/div><div class=\"hp-block hp-listing__attributes hp-listing__attributes--secondary\"><div class=\"hp-row\"><div class=\"hp-col-lg-6 hp-col-xs-12\"><div class=\"hp-listing__attribute hp-listing__attribute--shipping\"><strong>Envio<\/strong>: Entregue em m\u00e3o<\/div><\/div><\/div><\/div><\/div><footer class=\"hp-listing__footer\"><div class=\"hp-block hp-listing__attributes hp-listing__attributes--primary\"><div class=\"hp-listing__attribute hp-listing__attribute--price\">30 \u20ac<\/div><\/div><div class=\"hp-listing__actions hp-listing__actions--primary\"><a href=\"#user_login_modal\" title=\"Responder ao An\u00fancio\" class=\"hp-listing__action hp-listing__action--message\"><i class=\"hp-icon fas fa-comment\"><\/i><\/a>\n<a class=\"hp-listing__action hp-listing__action--favorite\" href=\"#user_login_modal\"><i class=\"hp-icon fas fa-heart\"><\/i><\/a><\/div><\/footer><\/article><\/div><div class=\"hp-grid__item hp-col-sm-4 hp-col-xs-12\"><article class=\"hp-listing hp-listing--view-block\"><header class=\"hp-listing__header\"><div class=\"hp-listing__image\" data-component=\"carousel-slider\" data-preview=\"false\" data-aspect-ratio=\"1.3333\" data-url=\"https:\/\/rapidinhas.pt\/index.php\/listing\/terreno-perto-da-cascata-da-cabreia\/\">\n\t\t\t<a href=\"https:\/\/rapidinhas.pt\/index.php\/listing\/terreno-perto-da-cascata-da-cabreia\/\">\n\t\t\t\t\t\t\t<img decoding=\"async\" src=\"https:\/\/rapidinhas.pt\/wp-content\/uploads\/2025\/12\/terreno1-300x300.png\" alt=\"Terreno perto da cascata da cabreia\" loading=\"lazy\">\n\t\t\t\t\t<\/a>\n\t<\/div>\n<\/header><div class=\"hp-listing__content\">\t<div class=\"hp-listing__categories hp-listing__category\">\n\t\t\t\t\t<a href=\"https:\/\/rapidinhas.pt\/index.php\/listing-category\/land\/\">Terreno<\/a>\n\t\t\t<\/div>\n\t<h4 class=\"hp-listing__title\"><a href=\"https:\/\/rapidinhas.pt\/index.php\/listing\/terreno-perto-da-cascata-da-cabreia\/\">Terreno perto da cascata da cabreia<\/a>\n<\/h4><div class=\"hp-listing__details hp-listing__details--primary\">\t<div class=\"hp-listing__location\">\n\t\t<i class=\"hp-icon fas fa-map-marker-alt\"><\/i>\n\t\t\t\t\t<span>Silva Escura, Aveiro, Portugal<\/span>\n\t\t\t<\/div>\n\t<time class=\"hp-listing__created-date hp-listing__date hp-meta\" datetime=\"2025-12-22 19:40:55\">\n\tAdicionada em 22 de Dezembro, 2025<\/time>\n<\/div><div class=\"hp-block hp-listing__attributes hp-listing__attributes--secondary\"><div class=\"hp-row\"><div class=\"hp-col-lg-6 hp-col-xs-12\"><div class=\"hp-listing__attribute hp-listing__attribute--sq-footage\"><strong>\u00c1rea<\/strong>: 500 m\u00b2<\/div><\/div><\/div><\/div><\/div><footer class=\"hp-listing__footer\"><div class=\"hp-block hp-listing__attributes hp-listing__attributes--primary\"><div class=\"hp-listing__attribute hp-listing__attribute--rent\">25.000 \u20ac<\/div><\/div><div class=\"hp-listing__actions hp-listing__actions--primary\"><a href=\"#user_login_modal\" title=\"Responder ao An\u00fancio\" class=\"hp-listing__action hp-listing__action--message\"><i class=\"hp-icon fas fa-comment\"><\/i><\/a>\n<a class=\"hp-listing__action hp-listing__action--favorite\" href=\"#user_login_modal\"><i class=\"hp-icon fas fa-heart\"><\/i><\/a><\/div><\/footer><\/article><\/div><\/div><\/div>\n\n\n<p><\/p>\n","protected":false},"excerpt":{"rendered":"<p>Encontre tudo o que necessita Procure viagens, im\u00f3veis, servi\u00e7os e artigos \u00e0 venda num s\u00f3 site.<\/p>\n","protected":false},"author":1,"featured_media":0,"parent":0,"menu_order":0,"comment_status":"closed","ping_status":"closed","template":"","meta":{"footnotes":""},"class_list":["post-162","page","type-page","status-publish","hentry"],"yoast_head":"<!-- This site is optimized with the Yoast SEO plugin v26.9 - https:\/\/yoast.com\/product\/yoast-seo-wordpress\/ -->\n<title>Home - Rapidinhas<\/title>\n<meta name=\"robots\" content=\"index, follow, max-snippet:-1, max-image-preview:large, max-video-preview:-1\" \/>\n<link rel=\"canonical\" href=\"https:\/\/rapidinhas.pt\/\" \/>\n<meta property=\"og:locale\" content=\"pt_PT\" \/>\n<meta property=\"og:type\" content=\"article\" \/>\n<meta property=\"og:title\" content=\"Home - Rapidinhas\" \/>\n<meta property=\"og:description\" content=\"Encontre tudo o que necessita Procure viagens, im\u00f3veis, servi\u00e7os e artigos \u00e0 venda num s\u00f3 site.\" \/>\n<meta property=\"og:url\" content=\"https:\/\/rapidinhas.pt\/\" \/>\n<meta property=\"og:site_name\" content=\"Rapidinhas\" \/>\n<meta property=\"article:modified_time\" content=\"2026-01-05T09:28:44+00:00\" \/>\n<meta name=\"twitter:card\" content=\"summary_large_image\" \/>\n<meta name=\"twitter:label1\" content=\"Tempo estimado de leitura\" \/>\n\t<meta name=\"twitter:data1\" content=\"1 minuto\" \/>\n<script type=\"application\/ld+json\" class=\"yoast-schema-graph\">{\"@context\":\"https:\/\/schema.org\",\"@graph\":[{\"@type\":\"WebPage\",\"@id\":\"https:\/\/rapidinhas.pt\/\",\"url\":\"https:\/\/rapidinhas.pt\/\",\"name\":\"Home - Rapidinhas\",\"isPartOf\":{\"@id\":\"https:\/\/rapidinhas.pt\/#website\"},\"datePublished\":\"2021-10-19T17:03:52+00:00\",\"dateModified\":\"2026-01-05T09:28:44+00:00\",\"breadcrumb\":{\"@id\":\"https:\/\/rapidinhas.pt\/#breadcrumb\"},\"inLanguage\":\"pt-PT\",\"potentialAction\":[{\"@type\":\"ReadAction\",\"target\":[\"https:\/\/rapidinhas.pt\/\"]}]},{\"@type\":\"BreadcrumbList\",\"@id\":\"https:\/\/rapidinhas.pt\/#breadcrumb\",\"itemListElement\":[{\"@type\":\"ListItem\",\"position\":1,\"name\":\"In\u00edcio\",\"item\":\"https:\/\/rapidinhas.pt\/\"},{\"@type\":\"ListItem\",\"position\":2,\"name\":\"Home\"}]},{\"@type\":\"WebSite\",\"@id\":\"https:\/\/rapidinhas.pt\/#website\",\"url\":\"https:\/\/rapidinhas.pt\/\",\"name\":\"Rapidinhas - An\u00fancios e viagens sem complica\u00e7\u00f5es\",\"description\":\"An\u00fancios e Viagens\",\"publisher\":{\"@id\":\"https:\/\/rapidinhas.pt\/#organization\"},\"potentialAction\":[{\"@type\":\"SearchAction\",\"target\":{\"@type\":\"EntryPoint\",\"urlTemplate\":\"https:\/\/rapidinhas.pt\/?s={search_term_string}\"},\"query-input\":{\"@type\":\"PropertyValueSpecification\",\"valueRequired\":true,\"valueName\":\"search_term_string\"}}],\"inLanguage\":\"pt-PT\"},{\"@type\":\"Organization\",\"@id\":\"https:\/\/rapidinhas.pt\/#organization\",\"name\":\"Rapidinhas - An\u00fancios e viagens sem complica\u00e7\u00f5es\",\"url\":\"https:\/\/rapidinhas.pt\/\",\"logo\":{\"@type\":\"ImageObject\",\"inLanguage\":\"pt-PT\",\"@id\":\"https:\/\/rapidinhas.pt\/#\/schema\/logo\/image\/\",\"url\":\"https:\/\/rapidinhas.pt\/wp-content\/uploads\/2025\/12\/cropped-logo-rapidinhas.jpg\",\"contentUrl\":\"https:\/\/rapidinhas.pt\/wp-content\/uploads\/2025\/12\/cropped-logo-rapidinhas.jpg\",\"width\":453,\"height\":479,\"caption\":\"Rapidinhas - An\u00fancios e viagens sem complica\u00e7\u00f5es\"},\"image\":{\"@id\":\"https:\/\/rapidinhas.pt\/#\/schema\/logo\/image\/\"}}]}<\/script>\n<!-- \/ Yoast SEO plugin. -->","yoast_head_json":{"title":"Home - Rapidinhas","robots":{"index":"index","follow":"follow","max-snippet":"max-snippet:-1","max-image-preview":"max-image-preview:large","max-video-preview":"max-video-preview:-1"},"canonical":"https:\/\/rapidinhas.pt\/","og_locale":"pt_PT","og_type":"article","og_title":"Home - Rapidinhas","og_description":"Encontre tudo o que necessita Procure viagens, im\u00f3veis, servi\u00e7os e artigos \u00e0 venda num s\u00f3 site.","og_url":"https:\/\/rapidinhas.pt\/","og_site_name":"Rapidinhas","article_modified_time":"2026-01-05T09:28:44+00:00","twitter_card":"summary_large_image","twitter_misc":{"Tempo estimado de leitura":"1 minuto"},"schema":{"@context":"https:\/\/schema.org","@graph":[{"@type":"WebPage","@id":"https:\/\/rapidinhas.pt\/","url":"https:\/\/rapidinhas.pt\/","name":"Home - Rapidinhas","isPartOf":{"@id":"https:\/\/rapidinhas.pt\/#website"},"datePublished":"2021-10-19T17:03:52+00:00","dateModified":"2026-01-05T09:28:44+00:00","breadcrumb":{"@id":"https:\/\/rapidinhas.pt\/#breadcrumb"},"inLanguage":"pt-PT","potentialAction":[{"@type":"ReadAction","target":["https:\/\/rapidinhas.pt\/"]}]},{"@type":"BreadcrumbList","@id":"https:\/\/rapidinhas.pt\/#breadcrumb","itemListElement":[{"@type":"ListItem","position":1,"name":"In\u00edcio","item":"https:\/\/rapidinhas.pt\/"},{"@type":"ListItem","position":2,"name":"Home"}]},{"@type":"WebSite","@id":"https:\/\/rapidinhas.pt\/#website","url":"https:\/\/rapidinhas.pt\/","name":"Rapidinhas - An\u00fancios e viagens sem complica\u00e7\u00f5es","description":"An\u00fancios e Viagens","publisher":{"@id":"https:\/\/rapidinhas.pt\/#organization"},"potentialAction":[{"@type":"SearchAction","target":{"@type":"EntryPoint","urlTemplate":"https:\/\/rapidinhas.pt\/?s={search_term_string}"},"query-input":{"@type":"PropertyValueSpecification","valueRequired":true,"valueName":"search_term_string"}}],"inLanguage":"pt-PT"},{"@type":"Organization","@id":"https:\/\/rapidinhas.pt\/#organization","name":"Rapidinhas - An\u00fancios e viagens sem complica\u00e7\u00f5es","url":"https:\/\/rapidinhas.pt\/","logo":{"@type":"ImageObject","inLanguage":"pt-PT","@id":"https:\/\/rapidinhas.pt\/#\/schema\/logo\/image\/","url":"https:\/\/rapidinhas.pt\/wp-content\/uploads\/2025\/12\/cropped-logo-rapidinhas.jpg","contentUrl":"https:\/\/rapidinhas.pt\/wp-content\/uploads\/2025\/12\/cropped-logo-rapidinhas.jpg","width":453,"height":479,"caption":"Rapidinhas - An\u00fancios e viagens sem complica\u00e7\u00f5es"},"image":{"@id":"https:\/\/rapidinhas.pt\/#\/schema\/logo\/image\/"}}]}},"_links":{"self":[{"href":"https:\/\/rapidinhas.pt\/index.php\/wp-json\/wp\/v2\/pages\/162","targetHints":{"allow":["GET"]}}],"collection":[{"href":"https:\/\/rapidinhas.pt\/index.php\/wp-json\/wp\/v2\/pages"}],"about":[{"href":"https:\/\/rapidinhas.pt\/index.php\/wp-json\/wp\/v2\/types\/page"}],"author":[{"embeddable":true,"href":"https:\/\/rapidinhas.pt\/index.php\/wp-json\/wp\/v2\/users\/1"}],"replies":[{"embeddable":true,"href":"https:\/\/rapidinhas.pt\/index.php\/wp-json\/wp\/v2\/comments?post=162"}],"version-history":[{"count":7,"href":"https:\/\/rapidinhas.pt\/index.php\/wp-json\/wp\/v2\/pages\/162\/revisions"}],"predecessor-version":[{"id":267,"href":"https:\/\/rapidinhas.pt\/index.php\/wp-json\/wp\/v2\/pages\/162\/revisions\/267"}],"wp:attachment":[{"href":"https:\/\/rapidinhas.pt\/index.php\/wp-json\/wp\/v2\/media?parent=162"}],"curies":[{"name":"wp","href":"https:\/\/api.w.org\/{rel}","templated":true}]}}